{"id":4767,"date":"2023-07-29T19:31:48","date_gmt":"2023-07-29T17:31:48","guid":{"rendered":"https:\/\/theartofhoney.com\/product\/lindenhonig-500g\/"},"modified":"2025-04-12T08:13:20","modified_gmt":"2025-04-12T06:13:20","slug":"lindenhonig-500g","status":"publish","type":"product","link":"https:\/\/theartofhoney.com\/en\/produkt\/lindenhonig-500g\/","title":{"rendered":"Lindenhonig 500g"},"content":{"rendered":"","protected":false},"excerpt":{"rendered":"<p><span style=\"color: #ffffff;\">Lindenhonig hat einen unverkennbaren minzigen Geschmack, der jeden Tee verfeinert.<\/span><\/p>\n<p><span style=\"color: #ffffff;\">Wenn die Lindenb\u00e4ume bl\u00fchen, produzieren sie gro\u00dfe Mengen an Nektar, und verbreiten einen s\u00fc\u00dfen, herrlichen Geruch, der f\u00fcr die Bienen unwiderstehlich ist. Er wird meistens genommen um Erk\u00e4ltungen und Fieber zu lindern und unterst\u00fctzt das Herz. Er ist daf\u00fcr bekannt, eine beruhigende, Schlaf f\u00f6rdernde Wirkung zu haben, der bei chronischen Schlafst\u00f6rungen helfen kann. Er kristalllisiert in gro\u00dfen Zuckerkristallen und hat eine tief gelbe-orange Farbe.<\/span><\/p>\n<p><span style=\"color: #ffffff;\">In <a style=\"color: #ffffff;\" href=\"https:\/\/theartofhoney.com\/produkt\/250g-lime-tree-honey-2\/?lang=de\"><span style=\"text-decoration: underline;\"><strong>250g<\/strong><\/span><\/a>und <span style=\"text-decoration: underline;\"><a style=\"color: #ffffff; text-decoration: underline;\" href=\"https:\/\/theartofhoney.com\/produkt\/50g-sonnenblume-buchw-2\/?lang=de\"><strong>50g<\/strong><\/a><\/span>Gl\u00e4sern erh\u00e4ltlich.<\/span><\/p>\n","protected":false},"featured_media":0,"comment_status":"open","ping_status":"closed","template":"","meta":[],"product_brand":[],"product_cat":[220],"product_tag":[],"class_list":{"0":"post-4767","1":"product","2":"type-product","3":"status-publish","5":"product_cat-500g-en","7":"first","8":"outofstock","9":"shipping-taxable","10":"purchasable","11":"product-type-simple"},"yoast_head":"<!-- This site is optimized with the Yoast SEO plugin v22.2 - https:\/\/yoast.com\/wordpress\/plugins\/seo\/ -->\n<title>Lindenhonig 500g | Genie\u00dfe 100% nat\u00fcrlichen Honig | The Art of Honey<\/title>\n<meta name=\"description\" content=\"Echten Lindenhonig hier kaufen 500g \u2713 Lecker und gesund \u2713 Nat\u00fcrlich und direkt vom Imker \u2713 Lindert Erk\u00e4ltungen \u2713 Honig f\u00fcr Tee \u2713\" \/>\n<meta name=\"robots\" content=\"index, follow, max-snippet:-1, max-image-preview:large, max-video-preview:-1\" \/>\n<link rel=\"canonical\" href=\"https:\/\/theartofhoney.com\/en\/produkt\/lindenhonig-500g\/\" \/>\n<meta property=\"og:locale\" content=\"en_US\" \/>\n<meta property=\"og:type\" content=\"article\" \/>\n<meta property=\"og:title\" content=\"Lindenhonig 500g | Genie\u00dfe 100% nat\u00fcrlichen Honig | The Art of Honey\" \/>\n<meta property=\"og:description\" content=\"Echten Lindenhonig hier kaufen 500g \u2713 Lecker und gesund \u2713 Nat\u00fcrlich und direkt vom Imker \u2713 Lindert Erk\u00e4ltungen \u2713 Honig f\u00fcr Tee \u2713\" \/>\n<meta property=\"og:url\" content=\"https:\/\/theartofhoney.com\/en\/produkt\/lindenhonig-500g\/\" \/>\n<meta property=\"og:site_name\" content=\"The Art of Honey\" \/>\n<meta property=\"article:modified_time\" content=\"2025-04-12T06:13:20+00:00\" \/>\n<meta name=\"twitter:card\" content=\"summary_large_image\" \/>\n<script type=\"application\/ld+json\" class=\"yoast-schema-graph\">{\"@context\":\"https:\/\/schema.org\",\"@graph\":[{\"@type\":\"WebPage\",\"@id\":\"https:\/\/theartofhoney.com\/en\/produkt\/lindenhonig-500g\/\",\"url\":\"https:\/\/theartofhoney.com\/en\/produkt\/lindenhonig-500g\/\",\"name\":\"Lindenhonig 500g | Genie\u00dfe 100% nat\u00fcrlichen Honig | The Art of Honey\",\"isPartOf\":{\"@id\":\"https:\/\/theartofhoney.com\/en\/#website\"},\"datePublished\":\"2023-07-29T17:31:48+00:00\",\"dateModified\":\"2025-04-12T06:13:20+00:00\",\"description\":\"Echten Lindenhonig hier kaufen 500g \u2713 Lecker und gesund \u2713 Nat\u00fcrlich und direkt vom Imker \u2713 Lindert Erk\u00e4ltungen \u2713 Honig f\u00fcr Tee \u2713\",\"breadcrumb\":{\"@id\":\"https:\/\/theartofhoney.com\/en\/produkt\/lindenhonig-500g\/#breadcrumb\"},\"inLanguage\":\"en-US\",\"potentialAction\":[{\"@type\":\"ReadAction\",\"target\":[\"https:\/\/theartofhoney.com\/en\/produkt\/lindenhonig-500g\/\"]}]},{\"@type\":\"BreadcrumbList\",\"@id\":\"https:\/\/theartofhoney.com\/en\/produkt\/lindenhonig-500g\/#breadcrumb\",\"itemListElement\":[{\"@type\":\"ListItem\",\"position\":1,\"name\":\"Startseite\",\"item\":\"https:\/\/theartofhoney.com\/en\/\"},{\"@type\":\"ListItem\",\"position\":2,\"name\":\"SHOP\",\"item\":\"https:\/\/theartofhoney.com\/honig-online-kaufen-shop\/\"},{\"@type\":\"ListItem\",\"position\":3,\"name\":\"Lindenhonig 500g\"}]},{\"@type\":\"WebSite\",\"@id\":\"https:\/\/theartofhoney.com\/en\/#website\",\"url\":\"https:\/\/theartofhoney.com\/en\/\",\"name\":\"The Art of Honey\",\"description\":\"Premium Honey from Pristine Nature\",\"publisher\":{\"@id\":\"https:\/\/theartofhoney.com\/en\/#organization\"},\"potentialAction\":[{\"@type\":\"SearchAction\",\"target\":{\"@type\":\"EntryPoint\",\"urlTemplate\":\"https:\/\/theartofhoney.com\/en\/?s={search_term_string}\"},\"query-input\":\"required name=search_term_string\"}],\"inLanguage\":\"en-US\"},{\"@type\":\"Organization\",\"@id\":\"https:\/\/theartofhoney.com\/en\/#organization\",\"name\":\"The Art of Honey\",\"url\":\"https:\/\/theartofhoney.com\/en\/\",\"logo\":{\"@type\":\"ImageObject\",\"inLanguage\":\"en-US\",\"@id\":\"https:\/\/theartofhoney.com\/en\/#\/schema\/logo\/image\/\",\"url\":\"https:\/\/theartofhoney.com\/wp-content\/uploads\/2023\/07\/Logo_The-Art-of-Honey_.png\",\"contentUrl\":\"https:\/\/theartofhoney.com\/wp-content\/uploads\/2023\/07\/Logo_The-Art-of-Honey_.png\",\"width\":800,\"height\":803,\"caption\":\"The Art of Honey\"},\"image\":{\"@id\":\"https:\/\/theartofhoney.com\/en\/#\/schema\/logo\/image\/\"}}]}<\/script>\n<!-- \/ Yoast SEO plugin. -->","yoast_head_json":{"title":"Lindenhonig 500g | Genie\u00dfe 100% nat\u00fcrlichen Honig | The Art of Honey","description":"Echten Lindenhonig hier kaufen 500g \u2713 Lecker und gesund \u2713 Nat\u00fcrlich und direkt vom Imker \u2713 Lindert Erk\u00e4ltungen \u2713 Honig f\u00fcr Tee \u2713","robots":{"index":"index","follow":"follow","max-snippet":"max-snippet:-1","max-image-preview":"max-image-preview:large","max-video-preview":"max-video-preview:-1"},"canonical":"https:\/\/theartofhoney.com\/en\/produkt\/lindenhonig-500g\/","og_locale":"en_US","og_type":"article","og_title":"Lindenhonig 500g | Genie\u00dfe 100% nat\u00fcrlichen Honig | The Art of Honey","og_description":"Echten Lindenhonig hier kaufen 500g \u2713 Lecker und gesund \u2713 Nat\u00fcrlich und direkt vom Imker \u2713 Lindert Erk\u00e4ltungen \u2713 Honig f\u00fcr Tee \u2713","og_url":"https:\/\/theartofhoney.com\/en\/produkt\/lindenhonig-500g\/","og_site_name":"The Art of Honey","article_modified_time":"2025-04-12T06:13:20+00:00","twitter_card":"summary_large_image","schema":{"@context":"https:\/\/schema.org","@graph":[{"@type":"WebPage","@id":"https:\/\/theartofhoney.com\/en\/produkt\/lindenhonig-500g\/","url":"https:\/\/theartofhoney.com\/en\/produkt\/lindenhonig-500g\/","name":"Lindenhonig 500g | Genie\u00dfe 100% nat\u00fcrlichen Honig | The Art of Honey","isPartOf":{"@id":"https:\/\/theartofhoney.com\/en\/#website"},"datePublished":"2023-07-29T17:31:48+00:00","dateModified":"2025-04-12T06:13:20+00:00","description":"Echten Lindenhonig hier kaufen 500g \u2713 Lecker und gesund \u2713 Nat\u00fcrlich und direkt vom Imker \u2713 Lindert Erk\u00e4ltungen \u2713 Honig f\u00fcr Tee \u2713","breadcrumb":{"@id":"https:\/\/theartofhoney.com\/en\/produkt\/lindenhonig-500g\/#breadcrumb"},"inLanguage":"en-US","potentialAction":[{"@type":"ReadAction","target":["https:\/\/theartofhoney.com\/en\/produkt\/lindenhonig-500g\/"]}]},{"@type":"BreadcrumbList","@id":"https:\/\/theartofhoney.com\/en\/produkt\/lindenhonig-500g\/#breadcrumb","itemListElement":[{"@type":"ListItem","position":1,"name":"Startseite","item":"https:\/\/theartofhoney.com\/en\/"},{"@type":"ListItem","position":2,"name":"SHOP","item":"https:\/\/theartofhoney.com\/honig-online-kaufen-shop\/"},{"@type":"ListItem","position":3,"name":"Lindenhonig 500g"}]},{"@type":"WebSite","@id":"https:\/\/theartofhoney.com\/en\/#website","url":"https:\/\/theartofhoney.com\/en\/","name":"The Art of Honey","description":"Premium Honey from Pristine Nature","publisher":{"@id":"https:\/\/theartofhoney.com\/en\/#organization"},"potentialAction":[{"@type":"SearchAction","target":{"@type":"EntryPoint","urlTemplate":"https:\/\/theartofhoney.com\/en\/?s={search_term_string}"},"query-input":"required name=search_term_string"}],"inLanguage":"en-US"},{"@type":"Organization","@id":"https:\/\/theartofhoney.com\/en\/#organization","name":"The Art of Honey","url":"https:\/\/theartofhoney.com\/en\/","logo":{"@type":"ImageObject","inLanguage":"en-US","@id":"https:\/\/theartofhoney.com\/en\/#\/schema\/logo\/image\/","url":"https:\/\/theartofhoney.com\/wp-content\/uploads\/2023\/07\/Logo_The-Art-of-Honey_.png","contentUrl":"https:\/\/theartofhoney.com\/wp-content\/uploads\/2023\/07\/Logo_The-Art-of-Honey_.png","width":800,"height":803,"caption":"The Art of Honey"},"image":{"@id":"https:\/\/theartofhoney.com\/en\/#\/schema\/logo\/image\/"}}]}},"_links":{"self":[{"href":"https:\/\/theartofhoney.com\/en\/wp-json\/wp\/v2\/product\/4767","targetHints":{"allow":["GET"]}}],"collection":[{"href":"https:\/\/theartofhoney.com\/en\/wp-json\/wp\/v2\/product"}],"about":[{"href":"https:\/\/theartofhoney.com\/en\/wp-json\/wp\/v2\/types\/product"}],"replies":[{"embeddable":true,"href":"https:\/\/theartofhoney.com\/en\/wp-json\/wp\/v2\/comments?post=4767"}],"wp:attachment":[{"href":"https:\/\/theartofhoney.com\/en\/wp-json\/wp\/v2\/media?parent=4767"}],"wp:term":[{"taxonomy":"product_brand","embeddable":true,"href":"https:\/\/theartofhoney.com\/en\/wp-json\/wp\/v2\/product_brand?post=4767"},{"taxonomy":"product_cat","embeddable":true,"href":"https:\/\/theartofhoney.com\/en\/wp-json\/wp\/v2\/product_cat?post=4767"},{"taxonomy":"product_tag","embeddable":true,"href":"https:\/\/theartofhoney.com\/en\/wp-json\/wp\/v2\/product_tag?post=4767"}],"curies":[{"name":"wp","href":"https:\/\/api.w.org\/{rel}","templated":true}]}}