{"id":4714,"date":"2023-07-29T19:32:00","date_gmt":"2023-07-29T17:32:00","guid":{"rendered":"https:\/\/theartofhoney.com\/product\/chestnut-honey-50g\/"},"modified":"2025-03-04T23:31:50","modified_gmt":"2025-03-04T22:31:50","slug":"chestnut-honey-50g","status":"publish","type":"product","link":"https:\/\/theartofhoney.com\/en\/produkt\/chestnut-honey-50g\/","title":{"rendered":"Chestnut honey 50g"},"content":{"rendered":"","protected":false},"excerpt":{"rendered":"<p>Powerfully dark with a slight bitter note &#8211; chestnut honey from the nectar of the chestnut blossom &#8211; a taste journey into the depths of our forest.<\/p>\n<p>Maronen- oder Kastanienhonig verf\u00fcgt \u00fcber eine r\u00f6tliche bis br\u00e4unliche F\u00e4rbung und besitzt in den meisten F\u00e4llen eine zart fl\u00fcssige Konsistenz.<br \/>\nAufgrund seiner besonderen Eigenschaft schmeckt der Kastanienhonig etwas herb mit bitter Nuancen. Dabei aber immer kr\u00e4ftig und von tiefer W\u00fcrze.<br \/>\nDie Kastanienbl\u00fcte verleiht dem ganzen ein blumig warmes Aroma und vertieft den unvergleichlichen Geschmack von fruchitg-nussiger Kastanie.<br \/>\nEine aromatische Delikatesse, f\u00fcr jeden Feinschmecker ein einzigartiger Genuss.<\/p>\n<p>Durch seinen vielseitigen Geschmack passt er zu zahlreichen Speisen, wie K\u00e4se, Fisch und Fleisch.<\/p>\n<p>also available in <strong><a href=\"https:\/\/theartofhoney.com\/produkt\/kastanienhonig-250g\/\">250g<\/a><\/strong>.<\/p>\n","protected":false},"featured_media":7806,"comment_status":"open","ping_status":"closed","template":"","meta":[],"product_brand":[],"product_cat":[217],"product_tag":[],"class_list":{"0":"post-4714","1":"product","2":"type-product","3":"status-publish","4":"has-post-thumbnail","6":"product_cat-50g-en","8":"first","9":"instock","10":"shipping-taxable","11":"purchasable","12":"product-type-simple"},"yoast_head":"<!-- This site is optimized with the Yoast SEO plugin v22.2 - https:\/\/yoast.com\/wordpress\/plugins\/seo\/ -->\n<title>Chestnut honey 50g - The Art of Honey<\/title>\n<meta name=\"robots\" content=\"index, follow, max-snippet:-1, max-image-preview:large, max-video-preview:-1\" \/>\n<link rel=\"canonical\" href=\"https:\/\/theartofhoney.com\/en\/produkt\/chestnut-honey-50g\/\" \/>\n<meta property=\"og:locale\" content=\"en_US\" \/>\n<meta property=\"og:type\" content=\"article\" \/>\n<meta property=\"og:title\" content=\"Chestnut honey 50g - The Art of Honey\" \/>\n<meta property=\"og:description\" content=\"Powerfully dark with a slight bitter note - chestnut honey from the nectar of the chestnut blossom - a taste journey into the depths of our forest. Maronen- oder Kastanienhonig verf\u00fcgt \u00fcber eine r\u00f6tliche bis br\u00e4unliche F\u00e4rbung und besitzt in den meisten F\u00e4llen eine zart fl\u00fcssige Konsistenz. Aufgrund seiner besonderen Eigenschaft schmeckt der Kastanienhonig etwas herb mit bitter Nuancen. Dabei aber immer kr\u00e4ftig und von tiefer W\u00fcrze. Die Kastanienbl\u00fcte verleiht dem ganzen ein blumig warmes Aroma und vertieft den unvergleichlichen Geschmack von fruchitg-nussiger Kastanie. Eine aromatische Delikatesse, f\u00fcr jeden Feinschmecker ein einzigartiger Genuss. Durch seinen vielseitigen Geschmack passt er zu zahlreichen Speisen, wie K\u00e4se, Fisch und Fleisch. also available in 250g.\" \/>\n<meta property=\"og:url\" content=\"https:\/\/theartofhoney.com\/en\/produkt\/chestnut-honey-50g\/\" \/>\n<meta property=\"og:site_name\" content=\"The Art of Honey\" \/>\n<meta property=\"article:modified_time\" content=\"2025-03-04T22:31:50+00:00\" \/>\n<meta property=\"og:image\" content=\"https:\/\/theartofhoney.com\/wp-content\/uploads\/2023\/07\/Kastanienhonig.png\" \/>\n\t<meta property=\"og:image:width\" content=\"752\" \/>\n\t<meta property=\"og:image:height\" content=\"756\" \/>\n\t<meta property=\"og:image:type\" content=\"image\/png\" \/>\n<meta name=\"twitter:card\" content=\"summary_large_image\" \/>\n<script type=\"application\/ld+json\" class=\"yoast-schema-graph\">{\"@context\":\"https:\/\/schema.org\",\"@graph\":[{\"@type\":\"WebPage\",\"@id\":\"https:\/\/theartofhoney.com\/en\/produkt\/chestnut-honey-50g\/\",\"url\":\"https:\/\/theartofhoney.com\/en\/produkt\/chestnut-honey-50g\/\",\"name\":\"Chestnut honey 50g - The Art of Honey\",\"isPartOf\":{\"@id\":\"https:\/\/theartofhoney.com\/en\/#website\"},\"primaryImageOfPage\":{\"@id\":\"https:\/\/theartofhoney.com\/en\/produkt\/chestnut-honey-50g\/#primaryimage\"},\"image\":{\"@id\":\"https:\/\/theartofhoney.com\/en\/produkt\/chestnut-honey-50g\/#primaryimage\"},\"thumbnailUrl\":\"https:\/\/theartofhoney.com\/wp-content\/uploads\/2023\/07\/Kastanienhonig.png\",\"datePublished\":\"2023-07-29T17:32:00+00:00\",\"dateModified\":\"2025-03-04T22:31:50+00:00\",\"breadcrumb\":{\"@id\":\"https:\/\/theartofhoney.com\/en\/produkt\/chestnut-honey-50g\/#breadcrumb\"},\"inLanguage\":\"en-US\",\"potentialAction\":[{\"@type\":\"ReadAction\",\"target\":[\"https:\/\/theartofhoney.com\/en\/produkt\/chestnut-honey-50g\/\"]}]},{\"@type\":\"ImageObject\",\"inLanguage\":\"en-US\",\"@id\":\"https:\/\/theartofhoney.com\/en\/produkt\/chestnut-honey-50g\/#primaryimage\",\"url\":\"https:\/\/theartofhoney.com\/wp-content\/uploads\/2023\/07\/Kastanienhonig.png\",\"contentUrl\":\"https:\/\/theartofhoney.com\/wp-content\/uploads\/2023\/07\/Kastanienhonig.png\",\"width\":752,\"height\":756},{\"@type\":\"BreadcrumbList\",\"@id\":\"https:\/\/theartofhoney.com\/en\/produkt\/chestnut-honey-50g\/#breadcrumb\",\"itemListElement\":[{\"@type\":\"ListItem\",\"position\":1,\"name\":\"Startseite\",\"item\":\"https:\/\/theartofhoney.com\/en\/\"},{\"@type\":\"ListItem\",\"position\":2,\"name\":\"SHOP\",\"item\":\"https:\/\/theartofhoney.com\/honig-online-kaufen-shop\/\"},{\"@type\":\"ListItem\",\"position\":3,\"name\":\"Chestnut honey 50g\"}]},{\"@type\":\"WebSite\",\"@id\":\"https:\/\/theartofhoney.com\/en\/#website\",\"url\":\"https:\/\/theartofhoney.com\/en\/\",\"name\":\"The Art of Honey\",\"description\":\"Premium Honey from Pristine Nature\",\"publisher\":{\"@id\":\"https:\/\/theartofhoney.com\/en\/#organization\"},\"potentialAction\":[{\"@type\":\"SearchAction\",\"target\":{\"@type\":\"EntryPoint\",\"urlTemplate\":\"https:\/\/theartofhoney.com\/en\/?s={search_term_string}\"},\"query-input\":\"required name=search_term_string\"}],\"inLanguage\":\"en-US\"},{\"@type\":\"Organization\",\"@id\":\"https:\/\/theartofhoney.com\/en\/#organization\",\"name\":\"The Art of Honey\",\"url\":\"https:\/\/theartofhoney.com\/en\/\",\"logo\":{\"@type\":\"ImageObject\",\"inLanguage\":\"en-US\",\"@id\":\"https:\/\/theartofhoney.com\/en\/#\/schema\/logo\/image\/\",\"url\":\"https:\/\/theartofhoney.com\/wp-content\/uploads\/2023\/07\/Logo_The-Art-of-Honey_.png\",\"contentUrl\":\"https:\/\/theartofhoney.com\/wp-content\/uploads\/2023\/07\/Logo_The-Art-of-Honey_.png\",\"width\":800,\"height\":803,\"caption\":\"The Art of Honey\"},\"image\":{\"@id\":\"https:\/\/theartofhoney.com\/en\/#\/schema\/logo\/image\/\"}}]}<\/script>\n<!-- \/ Yoast SEO plugin. -->","yoast_head_json":{"title":"Chestnut honey 50g - The Art of Honey","robots":{"index":"index","follow":"follow","max-snippet":"max-snippet:-1","max-image-preview":"max-image-preview:large","max-video-preview":"max-video-preview:-1"},"canonical":"https:\/\/theartofhoney.com\/en\/produkt\/chestnut-honey-50g\/","og_locale":"en_US","og_type":"article","og_title":"Chestnut honey 50g - The Art of Honey","og_description":"Powerfully dark with a slight bitter note - chestnut honey from the nectar of the chestnut blossom - a taste journey into the depths of our forest. Maronen- oder Kastanienhonig verf\u00fcgt \u00fcber eine r\u00f6tliche bis br\u00e4unliche F\u00e4rbung und besitzt in den meisten F\u00e4llen eine zart fl\u00fcssige Konsistenz. Aufgrund seiner besonderen Eigenschaft schmeckt der Kastanienhonig etwas herb mit bitter Nuancen. Dabei aber immer kr\u00e4ftig und von tiefer W\u00fcrze. Die Kastanienbl\u00fcte verleiht dem ganzen ein blumig warmes Aroma und vertieft den unvergleichlichen Geschmack von fruchitg-nussiger Kastanie. Eine aromatische Delikatesse, f\u00fcr jeden Feinschmecker ein einzigartiger Genuss. Durch seinen vielseitigen Geschmack passt er zu zahlreichen Speisen, wie K\u00e4se, Fisch und Fleisch. also available in 250g.","og_url":"https:\/\/theartofhoney.com\/en\/produkt\/chestnut-honey-50g\/","og_site_name":"The Art of Honey","article_modified_time":"2025-03-04T22:31:50+00:00","og_image":[{"width":752,"height":756,"url":"https:\/\/theartofhoney.com\/wp-content\/uploads\/2023\/07\/Kastanienhonig.png","type":"image\/png"}],"twitter_card":"summary_large_image","schema":{"@context":"https:\/\/schema.org","@graph":[{"@type":"WebPage","@id":"https:\/\/theartofhoney.com\/en\/produkt\/chestnut-honey-50g\/","url":"https:\/\/theartofhoney.com\/en\/produkt\/chestnut-honey-50g\/","name":"Chestnut honey 50g - The Art of Honey","isPartOf":{"@id":"https:\/\/theartofhoney.com\/en\/#website"},"primaryImageOfPage":{"@id":"https:\/\/theartofhoney.com\/en\/produkt\/chestnut-honey-50g\/#primaryimage"},"image":{"@id":"https:\/\/theartofhoney.com\/en\/produkt\/chestnut-honey-50g\/#primaryimage"},"thumbnailUrl":"https:\/\/theartofhoney.com\/wp-content\/uploads\/2023\/07\/Kastanienhonig.png","datePublished":"2023-07-29T17:32:00+00:00","dateModified":"2025-03-04T22:31:50+00:00","breadcrumb":{"@id":"https:\/\/theartofhoney.com\/en\/produkt\/chestnut-honey-50g\/#breadcrumb"},"inLanguage":"en-US","potentialAction":[{"@type":"ReadAction","target":["https:\/\/theartofhoney.com\/en\/produkt\/chestnut-honey-50g\/"]}]},{"@type":"ImageObject","inLanguage":"en-US","@id":"https:\/\/theartofhoney.com\/en\/produkt\/chestnut-honey-50g\/#primaryimage","url":"https:\/\/theartofhoney.com\/wp-content\/uploads\/2023\/07\/Kastanienhonig.png","contentUrl":"https:\/\/theartofhoney.com\/wp-content\/uploads\/2023\/07\/Kastanienhonig.png","width":752,"height":756},{"@type":"BreadcrumbList","@id":"https:\/\/theartofhoney.com\/en\/produkt\/chestnut-honey-50g\/#breadcrumb","itemListElement":[{"@type":"ListItem","position":1,"name":"Startseite","item":"https:\/\/theartofhoney.com\/en\/"},{"@type":"ListItem","position":2,"name":"SHOP","item":"https:\/\/theartofhoney.com\/honig-online-kaufen-shop\/"},{"@type":"ListItem","position":3,"name":"Chestnut honey 50g"}]},{"@type":"WebSite","@id":"https:\/\/theartofhoney.com\/en\/#website","url":"https:\/\/theartofhoney.com\/en\/","name":"The Art of Honey","description":"Premium Honey from Pristine Nature","publisher":{"@id":"https:\/\/theartofhoney.com\/en\/#organization"},"potentialAction":[{"@type":"SearchAction","target":{"@type":"EntryPoint","urlTemplate":"https:\/\/theartofhoney.com\/en\/?s={search_term_string}"},"query-input":"required name=search_term_string"}],"inLanguage":"en-US"},{"@type":"Organization","@id":"https:\/\/theartofhoney.com\/en\/#organization","name":"The Art of Honey","url":"https:\/\/theartofhoney.com\/en\/","logo":{"@type":"ImageObject","inLanguage":"en-US","@id":"https:\/\/theartofhoney.com\/en\/#\/schema\/logo\/image\/","url":"https:\/\/theartofhoney.com\/wp-content\/uploads\/2023\/07\/Logo_The-Art-of-Honey_.png","contentUrl":"https:\/\/theartofhoney.com\/wp-content\/uploads\/2023\/07\/Logo_The-Art-of-Honey_.png","width":800,"height":803,"caption":"The Art of Honey"},"image":{"@id":"https:\/\/theartofhoney.com\/en\/#\/schema\/logo\/image\/"}}]}},"_links":{"self":[{"href":"https:\/\/theartofhoney.com\/en\/wp-json\/wp\/v2\/product\/4714","targetHints":{"allow":["GET"]}}],"collection":[{"href":"https:\/\/theartofhoney.com\/en\/wp-json\/wp\/v2\/product"}],"about":[{"href":"https:\/\/theartofhoney.com\/en\/wp-json\/wp\/v2\/types\/product"}],"replies":[{"embeddable":true,"href":"https:\/\/theartofhoney.com\/en\/wp-json\/wp\/v2\/comments?post=4714"}],"wp:featuredmedia":[{"embeddable":true,"href":"https:\/\/theartofhoney.com\/en\/wp-json\/wp\/v2\/media\/7806"}],"wp:attachment":[{"href":"https:\/\/theartofhoney.com\/en\/wp-json\/wp\/v2\/media?parent=4714"}],"wp:term":[{"taxonomy":"product_brand","embeddable":true,"href":"https:\/\/theartofhoney.com\/en\/wp-json\/wp\/v2\/product_brand?post=4714"},{"taxonomy":"product_cat","embeddable":true,"href":"https:\/\/theartofhoney.com\/en\/wp-json\/wp\/v2\/product_cat?post=4714"},{"taxonomy":"product_tag","embeddable":true,"href":"https:\/\/theartofhoney.com\/en\/wp-json\/wp\/v2\/product_tag?post=4714"}],"curies":[{"name":"wp","href":"https:\/\/api.w.org\/{rel}","templated":true}]}}