{"id":4196,"date":"2023-07-29T19:31:59","date_gmt":"2023-07-29T17:31:59","guid":{"rendered":"https:\/\/theartofhoney.com\/?post_type=product&#038;p=4196"},"modified":"2025-04-11T13:19:47","modified_gmt":"2025-04-11T11:19:47","slug":"weistannenhonig-250g","status":"publish","type":"product","link":"https:\/\/theartofhoney.com\/en\/produkt\/weistannenhonig-250g\/","title":{"rendered":"Wei\u00dftannenhonig 250g"},"content":{"rendered":"<p><span style=\"vertical-align: inherit;\"><span style=\"vertical-align: inherit;\">Silver fir honey has a distinctly strong, spicy flavor and an unmistakable fir note.<\/span><\/span><\/p>\n<p><span style=\"vertical-align: inherit;\"><span style=\"vertical-align: inherit;\">It has a dark reddish-brown to a black color and thick consistency.<\/span><\/span><\/p>\n<p><span style=\"vertical-align: inherit;\"><span style=\"vertical-align: inherit;\">Silver fir honey is an absolute powerhouse of trace elements, enzymes and minerals, of which it has far more than typical flower honey. <\/span><\/span><br \/>\n<span style=\"vertical-align: inherit;\"><span style=\"vertical-align: inherit;\">It has a healing effect on inflammation and has an antibacterial effect on the whole body.<\/span><\/span><\/p>\n<p><span style=\"vertical-align: inherit;\"><span style=\"vertical-align: inherit;\">The honey can be applied to bruises and wounds to support regeneration.<\/span><\/span><\/p>\n<p><span style=\"vertical-align: inherit;\"><span style=\"vertical-align: inherit;\">A unique taste for honey lovers.<\/span><\/span><\/p>\n","protected":false},"excerpt":{"rendered":"<p>Wei\u00dftannenhonig hat einen ausgepr\u00e4gt kr\u00e4ftigen, w\u00fcrzigen Geschmack und eine unverwechselbare Tannennote.<\/p>\n<p>Er hat eine dunkle, r\u00f6tlich-braune bis schwarze Farbe und eine dicke Konsistenz.<\/p>\n<p>Wei\u00dftannenhonig ist ein absolutes Kraftpaket an Spurenelementen, Enzymen und Mineralstoffen, von denen er weit mehr enth\u00e4lt als typischer Bl\u00fctenhonig.<br \/>\nEr hat eine heilende Wirkung auf Entz\u00fcndungen und wirkt antibakteriell auf den gesamten K\u00f6rper.<\/p>\n<p>Der Honig kann auf Prellungen und Wunden aufgetragen werden, um die Regeneration zu unterst\u00fctzen.<\/p>\n<p>Ein einzigartiger Geschmack f\u00fcr Honigliebhaber.<\/p>\n<div class=\"woocommerce-product-details__short-description\">\n<p><span style=\"vertical-align: inherit;\"><span style=\"vertical-align: inherit;\">Available in <\/span><\/span><span style=\"color: #ffffff;\"><strong><a style=\"color: #ffffff;\" href=\"https:\/\/theartofhoney.com\/produkt\/weisstannenhonig-50g-honig\/\"><span style=\"vertical-align: inherit;\"><span style=\"vertical-align: inherit;\">50g<\/span><\/span><\/a><\/strong><\/span><span style=\"vertical-align: inherit;\"><span style=\"vertical-align: inherit;\"> \u00a0and\u00a0 <\/span><\/span><span style=\"color: #ffffff;\"><strong><a style=\"color: #ffffff;\" href=\"https:\/\/theartofhoney.com\/produkt\/weisstannenhonig-500g-honig\/\"><span style=\"vertical-align: inherit;\"><span style=\"vertical-align: inherit;\">500g<\/span><\/span><\/a><\/strong><\/span><span style=\"vertical-align: inherit;\"><span style=\"vertical-align: inherit;\"> jars.<\/span><\/span><\/p>\n<\/div>\n","protected":false},"featured_media":3929,"comment_status":"open","ping_status":"closed","template":"","meta":[],"product_brand":[],"product_cat":[194],"product_tag":[],"class_list":{"0":"post-4196","1":"product","2":"type-product","3":"status-publish","4":"has-post-thumbnail","6":"product_cat-250-gram","8":"first","9":"instock","10":"shipping-taxable","11":"purchasable","12":"product-type-simple"},"yoast_head":"<!-- This site is optimized with the Yoast SEO plugin v22.2 - https:\/\/yoast.com\/wordpress\/plugins\/seo\/ -->\n<title>Wei\u00dftannenhonig 250g - The Art of Honey<\/title>\n<meta name=\"robots\" content=\"index, follow, max-snippet:-1, max-image-preview:large, max-video-preview:-1\" \/>\n<link rel=\"canonical\" href=\"https:\/\/theartofhoney.com\/en\/produkt\/weistannenhonig-250g\/\" \/>\n<meta property=\"og:locale\" content=\"en_US\" \/>\n<meta property=\"og:type\" content=\"article\" \/>\n<meta property=\"og:title\" content=\"Wei\u00dftannenhonig 250g - The Art of Honey\" \/>\n<meta property=\"og:description\" content=\"Wei\u00dftannenhonig hat einen ausgepr\u00e4gt kr\u00e4ftigen, w\u00fcrzigen Geschmack und eine unverwechselbare Tannennote.  Er hat eine dunkle, r\u00f6tlich-braune bis schwarze Farbe und eine dicke Konsistenz.  Wei\u00dftannenhonig ist ein absolutes Kraftpaket an Spurenelementen, Enzymen und Mineralstoffen, von denen er weit mehr enth\u00e4lt als typischer Bl\u00fctenhonig. Er hat eine heilende Wirkung auf Entz\u00fcndungen und wirkt antibakteriell auf den gesamten K\u00f6rper.  Der Honig kann auf Prellungen und Wunden aufgetragen werden, um die Regeneration zu unterst\u00fctzen.  Ein einzigartiger Geschmack f\u00fcr Honigliebhaber.   Available in 50g \u00a0and\u00a0 500g jars.\" \/>\n<meta property=\"og:url\" content=\"https:\/\/theartofhoney.com\/en\/produkt\/weistannenhonig-250g\/\" \/>\n<meta property=\"og:site_name\" content=\"The Art of Honey\" \/>\n<meta property=\"article:modified_time\" content=\"2025-04-11T11:19:47+00:00\" \/>\n<meta property=\"og:image\" content=\"https:\/\/theartofhoney.com\/wp-content\/uploads\/2023\/07\/Weisstanne-250gNeu.png\" \/>\n\t<meta property=\"og:image:width\" content=\"1200\" \/>\n\t<meta property=\"og:image:height\" content=\"1200\" \/>\n\t<meta property=\"og:image:type\" content=\"image\/png\" \/>\n<meta name=\"twitter:card\" content=\"summary_large_image\" \/>\n<meta name=\"twitter:label1\" content=\"Est. reading time\" \/>\n\t<meta name=\"twitter:data1\" content=\"1 minute\" \/>\n<script type=\"application\/ld+json\" class=\"yoast-schema-graph\">{\"@context\":\"https:\/\/schema.org\",\"@graph\":[{\"@type\":\"WebPage\",\"@id\":\"https:\/\/theartofhoney.com\/en\/produkt\/weistannenhonig-250g\/\",\"url\":\"https:\/\/theartofhoney.com\/en\/produkt\/weistannenhonig-250g\/\",\"name\":\"Wei\u00dftannenhonig 250g - The Art of Honey\",\"isPartOf\":{\"@id\":\"https:\/\/theartofhoney.com\/en\/#website\"},\"primaryImageOfPage\":{\"@id\":\"https:\/\/theartofhoney.com\/en\/produkt\/weistannenhonig-250g\/#primaryimage\"},\"image\":{\"@id\":\"https:\/\/theartofhoney.com\/en\/produkt\/weistannenhonig-250g\/#primaryimage\"},\"thumbnailUrl\":\"https:\/\/theartofhoney.com\/wp-content\/uploads\/2023\/07\/Weisstanne-250gNeu.png\",\"datePublished\":\"2023-07-29T17:31:59+00:00\",\"dateModified\":\"2025-04-11T11:19:47+00:00\",\"breadcrumb\":{\"@id\":\"https:\/\/theartofhoney.com\/en\/produkt\/weistannenhonig-250g\/#breadcrumb\"},\"inLanguage\":\"en-US\",\"potentialAction\":[{\"@type\":\"ReadAction\",\"target\":[\"https:\/\/theartofhoney.com\/en\/produkt\/weistannenhonig-250g\/\"]}]},{\"@type\":\"ImageObject\",\"inLanguage\":\"en-US\",\"@id\":\"https:\/\/theartofhoney.com\/en\/produkt\/weistannenhonig-250g\/#primaryimage\",\"url\":\"https:\/\/theartofhoney.com\/wp-content\/uploads\/2023\/07\/Weisstanne-250gNeu.png\",\"contentUrl\":\"https:\/\/theartofhoney.com\/wp-content\/uploads\/2023\/07\/Weisstanne-250gNeu.png\",\"width\":1200,\"height\":1200},{\"@type\":\"BreadcrumbList\",\"@id\":\"https:\/\/theartofhoney.com\/en\/produkt\/weistannenhonig-250g\/#breadcrumb\",\"itemListElement\":[{\"@type\":\"ListItem\",\"position\":1,\"name\":\"Startseite\",\"item\":\"https:\/\/theartofhoney.com\/en\/\"},{\"@type\":\"ListItem\",\"position\":2,\"name\":\"SHOP\",\"item\":\"https:\/\/theartofhoney.com\/honig-online-kaufen-shop\/\"},{\"@type\":\"ListItem\",\"position\":3,\"name\":\"Wei\u00dftannenhonig 250g\"}]},{\"@type\":\"WebSite\",\"@id\":\"https:\/\/theartofhoney.com\/en\/#website\",\"url\":\"https:\/\/theartofhoney.com\/en\/\",\"name\":\"The Art of Honey\",\"description\":\"Premium Honey from Pristine Nature\",\"publisher\":{\"@id\":\"https:\/\/theartofhoney.com\/en\/#organization\"},\"potentialAction\":[{\"@type\":\"SearchAction\",\"target\":{\"@type\":\"EntryPoint\",\"urlTemplate\":\"https:\/\/theartofhoney.com\/en\/?s={search_term_string}\"},\"query-input\":\"required name=search_term_string\"}],\"inLanguage\":\"en-US\"},{\"@type\":\"Organization\",\"@id\":\"https:\/\/theartofhoney.com\/en\/#organization\",\"name\":\"The Art of Honey\",\"url\":\"https:\/\/theartofhoney.com\/en\/\",\"logo\":{\"@type\":\"ImageObject\",\"inLanguage\":\"en-US\",\"@id\":\"https:\/\/theartofhoney.com\/en\/#\/schema\/logo\/image\/\",\"url\":\"https:\/\/theartofhoney.com\/wp-content\/uploads\/2023\/07\/Logo_The-Art-of-Honey_.png\",\"contentUrl\":\"https:\/\/theartofhoney.com\/wp-content\/uploads\/2023\/07\/Logo_The-Art-of-Honey_.png\",\"width\":800,\"height\":803,\"caption\":\"The Art of Honey\"},\"image\":{\"@id\":\"https:\/\/theartofhoney.com\/en\/#\/schema\/logo\/image\/\"}}]}<\/script>\n<!-- \/ Yoast SEO plugin. -->","yoast_head_json":{"title":"Wei\u00dftannenhonig 250g - The Art of Honey","robots":{"index":"index","follow":"follow","max-snippet":"max-snippet:-1","max-image-preview":"max-image-preview:large","max-video-preview":"max-video-preview:-1"},"canonical":"https:\/\/theartofhoney.com\/en\/produkt\/weistannenhonig-250g\/","og_locale":"en_US","og_type":"article","og_title":"Wei\u00dftannenhonig 250g - The Art of Honey","og_description":"Wei\u00dftannenhonig hat einen ausgepr\u00e4gt kr\u00e4ftigen, w\u00fcrzigen Geschmack und eine unverwechselbare Tannennote.  Er hat eine dunkle, r\u00f6tlich-braune bis schwarze Farbe und eine dicke Konsistenz.  Wei\u00dftannenhonig ist ein absolutes Kraftpaket an Spurenelementen, Enzymen und Mineralstoffen, von denen er weit mehr enth\u00e4lt als typischer Bl\u00fctenhonig. Er hat eine heilende Wirkung auf Entz\u00fcndungen und wirkt antibakteriell auf den gesamten K\u00f6rper.  Der Honig kann auf Prellungen und Wunden aufgetragen werden, um die Regeneration zu unterst\u00fctzen.  Ein einzigartiger Geschmack f\u00fcr Honigliebhaber.   Available in 50g \u00a0and\u00a0 500g jars.","og_url":"https:\/\/theartofhoney.com\/en\/produkt\/weistannenhonig-250g\/","og_site_name":"The Art of Honey","article_modified_time":"2025-04-11T11:19:47+00:00","og_image":[{"width":1200,"height":1200,"url":"https:\/\/theartofhoney.com\/wp-content\/uploads\/2023\/07\/Weisstanne-250gNeu.png","type":"image\/png"}],"twitter_card":"summary_large_image","twitter_misc":{"Est. reading time":"1 minute"},"schema":{"@context":"https:\/\/schema.org","@graph":[{"@type":"WebPage","@id":"https:\/\/theartofhoney.com\/en\/produkt\/weistannenhonig-250g\/","url":"https:\/\/theartofhoney.com\/en\/produkt\/weistannenhonig-250g\/","name":"Wei\u00dftannenhonig 250g - The Art of Honey","isPartOf":{"@id":"https:\/\/theartofhoney.com\/en\/#website"},"primaryImageOfPage":{"@id":"https:\/\/theartofhoney.com\/en\/produkt\/weistannenhonig-250g\/#primaryimage"},"image":{"@id":"https:\/\/theartofhoney.com\/en\/produkt\/weistannenhonig-250g\/#primaryimage"},"thumbnailUrl":"https:\/\/theartofhoney.com\/wp-content\/uploads\/2023\/07\/Weisstanne-250gNeu.png","datePublished":"2023-07-29T17:31:59+00:00","dateModified":"2025-04-11T11:19:47+00:00","breadcrumb":{"@id":"https:\/\/theartofhoney.com\/en\/produkt\/weistannenhonig-250g\/#breadcrumb"},"inLanguage":"en-US","potentialAction":[{"@type":"ReadAction","target":["https:\/\/theartofhoney.com\/en\/produkt\/weistannenhonig-250g\/"]}]},{"@type":"ImageObject","inLanguage":"en-US","@id":"https:\/\/theartofhoney.com\/en\/produkt\/weistannenhonig-250g\/#primaryimage","url":"https:\/\/theartofhoney.com\/wp-content\/uploads\/2023\/07\/Weisstanne-250gNeu.png","contentUrl":"https:\/\/theartofhoney.com\/wp-content\/uploads\/2023\/07\/Weisstanne-250gNeu.png","width":1200,"height":1200},{"@type":"BreadcrumbList","@id":"https:\/\/theartofhoney.com\/en\/produkt\/weistannenhonig-250g\/#breadcrumb","itemListElement":[{"@type":"ListItem","position":1,"name":"Startseite","item":"https:\/\/theartofhoney.com\/en\/"},{"@type":"ListItem","position":2,"name":"SHOP","item":"https:\/\/theartofhoney.com\/honig-online-kaufen-shop\/"},{"@type":"ListItem","position":3,"name":"Wei\u00dftannenhonig 250g"}]},{"@type":"WebSite","@id":"https:\/\/theartofhoney.com\/en\/#website","url":"https:\/\/theartofhoney.com\/en\/","name":"The Art of Honey","description":"Premium Honey from Pristine Nature","publisher":{"@id":"https:\/\/theartofhoney.com\/en\/#organization"},"potentialAction":[{"@type":"SearchAction","target":{"@type":"EntryPoint","urlTemplate":"https:\/\/theartofhoney.com\/en\/?s={search_term_string}"},"query-input":"required name=search_term_string"}],"inLanguage":"en-US"},{"@type":"Organization","@id":"https:\/\/theartofhoney.com\/en\/#organization","name":"The Art of Honey","url":"https:\/\/theartofhoney.com\/en\/","logo":{"@type":"ImageObject","inLanguage":"en-US","@id":"https:\/\/theartofhoney.com\/en\/#\/schema\/logo\/image\/","url":"https:\/\/theartofhoney.com\/wp-content\/uploads\/2023\/07\/Logo_The-Art-of-Honey_.png","contentUrl":"https:\/\/theartofhoney.com\/wp-content\/uploads\/2023\/07\/Logo_The-Art-of-Honey_.png","width":800,"height":803,"caption":"The Art of Honey"},"image":{"@id":"https:\/\/theartofhoney.com\/en\/#\/schema\/logo\/image\/"}}]}},"_links":{"self":[{"href":"https:\/\/theartofhoney.com\/en\/wp-json\/wp\/v2\/product\/4196","targetHints":{"allow":["GET"]}}],"collection":[{"href":"https:\/\/theartofhoney.com\/en\/wp-json\/wp\/v2\/product"}],"about":[{"href":"https:\/\/theartofhoney.com\/en\/wp-json\/wp\/v2\/types\/product"}],"replies":[{"embeddable":true,"href":"https:\/\/theartofhoney.com\/en\/wp-json\/wp\/v2\/comments?post=4196"}],"wp:featuredmedia":[{"embeddable":true,"href":"https:\/\/theartofhoney.com\/en\/wp-json\/wp\/v2\/media\/3929"}],"wp:attachment":[{"href":"https:\/\/theartofhoney.com\/en\/wp-json\/wp\/v2\/media?parent=4196"}],"wp:term":[{"taxonomy":"product_brand","embeddable":true,"href":"https:\/\/theartofhoney.com\/en\/wp-json\/wp\/v2\/product_brand?post=4196"},{"taxonomy":"product_cat","embeddable":true,"href":"https:\/\/theartofhoney.com\/en\/wp-json\/wp\/v2\/product_cat?post=4196"},{"taxonomy":"product_tag","embeddable":true,"href":"https:\/\/theartofhoney.com\/en\/wp-json\/wp\/v2\/product_tag?post=4196"}],"curies":[{"name":"wp","href":"https:\/\/api.w.org\/{rel}","templated":true}]}}