{"id":4191,"date":"2023-07-29T19:31:59","date_gmt":"2023-07-29T17:31:59","guid":{"rendered":"https:\/\/theartofhoney.com\/?post_type=product&#038;p=4191"},"modified":"2025-04-11T13:21:41","modified_gmt":"2025-04-11T11:21:41","slug":"fruhlingsblutenhonig-500g","status":"publish","type":"product","link":"https:\/\/theartofhoney.com\/en\/produkt\/fruhlingsblutenhonig-500g\/","title":{"rendered":"Fr\u00fchlingsbl\u00fctenhonig 500g"},"content":{"rendered":"","protected":false},"excerpt":{"rendered":"<div>Der erste Honig von The Art of Honey aus unserem eigenen Bienenstock in Deutschland.<\/div>\n<div>Der Honig schmeckt frisch, nach gr\u00fcnen Wiesen und zarten, nektarreichen Bl\u00fcten.\u00a0Er hat eine karamell-goldene Farbe, ist s\u00fc\u00df, lecker und erfrischend.<\/div>\n<div>Dieser Honig ist besonders f\u00fcr Pollenallergiker im Fr\u00fchjahr zu empfehlen. Schon ein Teel\u00f6ffel hat einen sp\u00fcrbar vitalisierenden Effekt.\u00a0Die im Honig enthaltenen Pollen k\u00f6nnen sanft aufgenommen werden und helfen, die allergische Reaktion des K\u00f6rpers zu lindern.\u00a0Wer regelm\u00e4\u00dfig Fr\u00fchlingsbl\u00fctenhonig konsumiert, kann seine Pollenallergie sogar ganz verlieren.<br \/>\nDer bunte, blumige Fr\u00fchlingsbl\u00fctenhonig ist ein wunderbares nat\u00fcrliches S\u00fc\u00dfungsmittel f\u00fcr selbstgemachte Limonaden und Tees.<\/div>\n<div><\/div>\n<div>Erh\u00e4ltlich in <a href=\"https:\/\/theartofhoney.com\/produkt\/fruehlingsbluetenhonig-250g\/\"><strong>250g<\/strong> <\/a>und <a href=\"https:\/\/theartofhoney.com\/produkt\/fruehlingsbluetenhonig-50g\/\"><strong>50g<\/strong><\/a> Gl\u00e4sern<\/div>\n<div><\/div>\n<p>&nbsp;<\/p>\n","protected":false},"featured_media":3924,"comment_status":"open","ping_status":"closed","template":"","meta":[],"product_brand":[],"product_cat":[197],"product_tag":[],"class_list":{"0":"post-4191","1":"product","2":"type-product","3":"status-publish","4":"has-post-thumbnail","6":"product_cat-500g","8":"first","9":"outofstock","10":"shipping-taxable","11":"purchasable","12":"product-type-simple"},"yoast_head":"<!-- This site is optimized with the Yoast SEO plugin v22.2 - https:\/\/yoast.com\/wordpress\/plugins\/seo\/ -->\n<title>Fr\u00fchlingsbl\u00fcten Honig aus DE \u2022 500g | 100% nat\u00fcrlich | The Art of Honey<\/title>\n<meta name=\"description\" content=\"Frischer Fr\u00fchlingsbl\u00fcten Honig aus Deutschland \u2713 S\u00fc\u00df, vitalisierend und eine gro\u00dfartige Unterst\u00fctzung bei Pollenallergie \u2713\" \/>\n<meta name=\"robots\" content=\"index, follow, max-snippet:-1, max-image-preview:large, max-video-preview:-1\" \/>\n<link rel=\"canonical\" href=\"https:\/\/theartofhoney.com\/en\/produkt\/fruhlingsblutenhonig-500g\/\" \/>\n<meta property=\"og:locale\" content=\"en_US\" \/>\n<meta property=\"og:type\" content=\"article\" \/>\n<meta property=\"og:title\" content=\"Fr\u00fchlingsbl\u00fcten Honig aus DE \u2022 500g | 100% nat\u00fcrlich | The Art of Honey\" \/>\n<meta property=\"og:description\" content=\"Frischer Fr\u00fchlingsbl\u00fcten Honig aus Deutschland \u2713 S\u00fc\u00df, vitalisierend und eine gro\u00dfartige Unterst\u00fctzung bei Pollenallergie \u2713\" \/>\n<meta property=\"og:url\" content=\"https:\/\/theartofhoney.com\/en\/produkt\/fruhlingsblutenhonig-500g\/\" \/>\n<meta property=\"og:site_name\" content=\"The Art of Honey\" \/>\n<meta property=\"article:modified_time\" content=\"2025-04-11T11:21:41+00:00\" \/>\n<meta property=\"og:image\" content=\"https:\/\/theartofhoney.com\/wp-content\/uploads\/2023\/07\/500g-New-DE-1.png\" \/>\n\t<meta property=\"og:image:width\" content=\"800\" \/>\n\t<meta property=\"og:image:height\" content=\"800\" \/>\n\t<meta property=\"og:image:type\" content=\"image\/png\" \/>\n<meta name=\"twitter:card\" content=\"summary_large_image\" \/>\n<meta name=\"twitter:label1\" content=\"Est. reading time\" \/>\n\t<meta name=\"twitter:data1\" content=\"1 minute\" \/>\n<script type=\"application\/ld+json\" class=\"yoast-schema-graph\">{\"@context\":\"https:\/\/schema.org\",\"@graph\":[{\"@type\":\"WebPage\",\"@id\":\"https:\/\/theartofhoney.com\/en\/produkt\/fruhlingsblutenhonig-500g\/\",\"url\":\"https:\/\/theartofhoney.com\/en\/produkt\/fruhlingsblutenhonig-500g\/\",\"name\":\"Fr\u00fchlingsbl\u00fcten Honig aus DE \u2022 500g | 100% nat\u00fcrlich | The Art of Honey\",\"isPartOf\":{\"@id\":\"https:\/\/theartofhoney.com\/en\/#website\"},\"primaryImageOfPage\":{\"@id\":\"https:\/\/theartofhoney.com\/en\/produkt\/fruhlingsblutenhonig-500g\/#primaryimage\"},\"image\":{\"@id\":\"https:\/\/theartofhoney.com\/en\/produkt\/fruhlingsblutenhonig-500g\/#primaryimage\"},\"thumbnailUrl\":\"https:\/\/theartofhoney.com\/wp-content\/uploads\/2023\/07\/500g-New-DE-1.png\",\"datePublished\":\"2023-07-29T17:31:59+00:00\",\"dateModified\":\"2025-04-11T11:21:41+00:00\",\"description\":\"Frischer Fr\u00fchlingsbl\u00fcten Honig aus Deutschland \u2713 S\u00fc\u00df, vitalisierend und eine gro\u00dfartige Unterst\u00fctzung bei Pollenallergie \u2713\",\"breadcrumb\":{\"@id\":\"https:\/\/theartofhoney.com\/en\/produkt\/fruhlingsblutenhonig-500g\/#breadcrumb\"},\"inLanguage\":\"en-US\",\"potentialAction\":[{\"@type\":\"ReadAction\",\"target\":[\"https:\/\/theartofhoney.com\/en\/produkt\/fruhlingsblutenhonig-500g\/\"]}]},{\"@type\":\"ImageObject\",\"inLanguage\":\"en-US\",\"@id\":\"https:\/\/theartofhoney.com\/en\/produkt\/fruhlingsblutenhonig-500g\/#primaryimage\",\"url\":\"https:\/\/theartofhoney.com\/wp-content\/uploads\/2023\/07\/500g-New-DE-1.png\",\"contentUrl\":\"https:\/\/theartofhoney.com\/wp-content\/uploads\/2023\/07\/500g-New-DE-1.png\",\"width\":800,\"height\":800},{\"@type\":\"BreadcrumbList\",\"@id\":\"https:\/\/theartofhoney.com\/en\/produkt\/fruhlingsblutenhonig-500g\/#breadcrumb\",\"itemListElement\":[{\"@type\":\"ListItem\",\"position\":1,\"name\":\"Startseite\",\"item\":\"https:\/\/theartofhoney.com\/en\/\"},{\"@type\":\"ListItem\",\"position\":2,\"name\":\"SHOP\",\"item\":\"https:\/\/theartofhoney.com\/honig-online-kaufen-shop\/\"},{\"@type\":\"ListItem\",\"position\":3,\"name\":\"Fr\u00fchlingsbl\u00fctenhonig 500g\"}]},{\"@type\":\"WebSite\",\"@id\":\"https:\/\/theartofhoney.com\/en\/#website\",\"url\":\"https:\/\/theartofhoney.com\/en\/\",\"name\":\"The Art of Honey\",\"description\":\"Premium Honey from Pristine Nature\",\"publisher\":{\"@id\":\"https:\/\/theartofhoney.com\/en\/#organization\"},\"potentialAction\":[{\"@type\":\"SearchAction\",\"target\":{\"@type\":\"EntryPoint\",\"urlTemplate\":\"https:\/\/theartofhoney.com\/en\/?s={search_term_string}\"},\"query-input\":\"required name=search_term_string\"}],\"inLanguage\":\"en-US\"},{\"@type\":\"Organization\",\"@id\":\"https:\/\/theartofhoney.com\/en\/#organization\",\"name\":\"The Art of Honey\",\"url\":\"https:\/\/theartofhoney.com\/en\/\",\"logo\":{\"@type\":\"ImageObject\",\"inLanguage\":\"en-US\",\"@id\":\"https:\/\/theartofhoney.com\/en\/#\/schema\/logo\/image\/\",\"url\":\"https:\/\/theartofhoney.com\/wp-content\/uploads\/2023\/07\/Logo_The-Art-of-Honey_.png\",\"contentUrl\":\"https:\/\/theartofhoney.com\/wp-content\/uploads\/2023\/07\/Logo_The-Art-of-Honey_.png\",\"width\":800,\"height\":803,\"caption\":\"The Art of Honey\"},\"image\":{\"@id\":\"https:\/\/theartofhoney.com\/en\/#\/schema\/logo\/image\/\"}}]}<\/script>\n<!-- \/ Yoast SEO plugin. -->","yoast_head_json":{"title":"Fr\u00fchlingsbl\u00fcten Honig aus DE \u2022 500g | 100% nat\u00fcrlich | The Art of Honey","description":"Frischer Fr\u00fchlingsbl\u00fcten Honig aus Deutschland \u2713 S\u00fc\u00df, vitalisierend und eine gro\u00dfartige Unterst\u00fctzung bei Pollenallergie \u2713","robots":{"index":"index","follow":"follow","max-snippet":"max-snippet:-1","max-image-preview":"max-image-preview:large","max-video-preview":"max-video-preview:-1"},"canonical":"https:\/\/theartofhoney.com\/en\/produkt\/fruhlingsblutenhonig-500g\/","og_locale":"en_US","og_type":"article","og_title":"Fr\u00fchlingsbl\u00fcten Honig aus DE \u2022 500g | 100% nat\u00fcrlich | The Art of Honey","og_description":"Frischer Fr\u00fchlingsbl\u00fcten Honig aus Deutschland \u2713 S\u00fc\u00df, vitalisierend und eine gro\u00dfartige Unterst\u00fctzung bei Pollenallergie \u2713","og_url":"https:\/\/theartofhoney.com\/en\/produkt\/fruhlingsblutenhonig-500g\/","og_site_name":"The Art of Honey","article_modified_time":"2025-04-11T11:21:41+00:00","og_image":[{"width":800,"height":800,"url":"https:\/\/theartofhoney.com\/wp-content\/uploads\/2023\/07\/500g-New-DE-1.png","type":"image\/png"}],"twitter_card":"summary_large_image","twitter_misc":{"Est. reading time":"1 minute"},"schema":{"@context":"https:\/\/schema.org","@graph":[{"@type":"WebPage","@id":"https:\/\/theartofhoney.com\/en\/produkt\/fruhlingsblutenhonig-500g\/","url":"https:\/\/theartofhoney.com\/en\/produkt\/fruhlingsblutenhonig-500g\/","name":"Fr\u00fchlingsbl\u00fcten Honig aus DE \u2022 500g | 100% nat\u00fcrlich | The Art of Honey","isPartOf":{"@id":"https:\/\/theartofhoney.com\/en\/#website"},"primaryImageOfPage":{"@id":"https:\/\/theartofhoney.com\/en\/produkt\/fruhlingsblutenhonig-500g\/#primaryimage"},"image":{"@id":"https:\/\/theartofhoney.com\/en\/produkt\/fruhlingsblutenhonig-500g\/#primaryimage"},"thumbnailUrl":"https:\/\/theartofhoney.com\/wp-content\/uploads\/2023\/07\/500g-New-DE-1.png","datePublished":"2023-07-29T17:31:59+00:00","dateModified":"2025-04-11T11:21:41+00:00","description":"Frischer Fr\u00fchlingsbl\u00fcten Honig aus Deutschland \u2713 S\u00fc\u00df, vitalisierend und eine gro\u00dfartige Unterst\u00fctzung bei Pollenallergie \u2713","breadcrumb":{"@id":"https:\/\/theartofhoney.com\/en\/produkt\/fruhlingsblutenhonig-500g\/#breadcrumb"},"inLanguage":"en-US","potentialAction":[{"@type":"ReadAction","target":["https:\/\/theartofhoney.com\/en\/produkt\/fruhlingsblutenhonig-500g\/"]}]},{"@type":"ImageObject","inLanguage":"en-US","@id":"https:\/\/theartofhoney.com\/en\/produkt\/fruhlingsblutenhonig-500g\/#primaryimage","url":"https:\/\/theartofhoney.com\/wp-content\/uploads\/2023\/07\/500g-New-DE-1.png","contentUrl":"https:\/\/theartofhoney.com\/wp-content\/uploads\/2023\/07\/500g-New-DE-1.png","width":800,"height":800},{"@type":"BreadcrumbList","@id":"https:\/\/theartofhoney.com\/en\/produkt\/fruhlingsblutenhonig-500g\/#breadcrumb","itemListElement":[{"@type":"ListItem","position":1,"name":"Startseite","item":"https:\/\/theartofhoney.com\/en\/"},{"@type":"ListItem","position":2,"name":"SHOP","item":"https:\/\/theartofhoney.com\/honig-online-kaufen-shop\/"},{"@type":"ListItem","position":3,"name":"Fr\u00fchlingsbl\u00fctenhonig 500g"}]},{"@type":"WebSite","@id":"https:\/\/theartofhoney.com\/en\/#website","url":"https:\/\/theartofhoney.com\/en\/","name":"The Art of Honey","description":"Premium Honey from Pristine Nature","publisher":{"@id":"https:\/\/theartofhoney.com\/en\/#organization"},"potentialAction":[{"@type":"SearchAction","target":{"@type":"EntryPoint","urlTemplate":"https:\/\/theartofhoney.com\/en\/?s={search_term_string}"},"query-input":"required name=search_term_string"}],"inLanguage":"en-US"},{"@type":"Organization","@id":"https:\/\/theartofhoney.com\/en\/#organization","name":"The Art of Honey","url":"https:\/\/theartofhoney.com\/en\/","logo":{"@type":"ImageObject","inLanguage":"en-US","@id":"https:\/\/theartofhoney.com\/en\/#\/schema\/logo\/image\/","url":"https:\/\/theartofhoney.com\/wp-content\/uploads\/2023\/07\/Logo_The-Art-of-Honey_.png","contentUrl":"https:\/\/theartofhoney.com\/wp-content\/uploads\/2023\/07\/Logo_The-Art-of-Honey_.png","width":800,"height":803,"caption":"The Art of Honey"},"image":{"@id":"https:\/\/theartofhoney.com\/en\/#\/schema\/logo\/image\/"}}]}},"_links":{"self":[{"href":"https:\/\/theartofhoney.com\/en\/wp-json\/wp\/v2\/product\/4191","targetHints":{"allow":["GET"]}}],"collection":[{"href":"https:\/\/theartofhoney.com\/en\/wp-json\/wp\/v2\/product"}],"about":[{"href":"https:\/\/theartofhoney.com\/en\/wp-json\/wp\/v2\/types\/product"}],"replies":[{"embeddable":true,"href":"https:\/\/theartofhoney.com\/en\/wp-json\/wp\/v2\/comments?post=4191"}],"wp:featuredmedia":[{"embeddable":true,"href":"https:\/\/theartofhoney.com\/en\/wp-json\/wp\/v2\/media\/3924"}],"wp:attachment":[{"href":"https:\/\/theartofhoney.com\/en\/wp-json\/wp\/v2\/media?parent=4191"}],"wp:term":[{"taxonomy":"product_brand","embeddable":true,"href":"https:\/\/theartofhoney.com\/en\/wp-json\/wp\/v2\/product_brand?post=4191"},{"taxonomy":"product_cat","embeddable":true,"href":"https:\/\/theartofhoney.com\/en\/wp-json\/wp\/v2\/product_cat?post=4191"},{"taxonomy":"product_tag","embeddable":true,"href":"https:\/\/theartofhoney.com\/en\/wp-json\/wp\/v2\/product_tag?post=4191"}],"curies":[{"name":"wp","href":"https:\/\/api.w.org\/{rel}","templated":true}]}}